{"id":3317,"date":"2021-02-18T09:00:00","date_gmt":"2021-02-18T09:00:00","guid":{"rendered":"http:\/\/www.traincroatia.com\/en\/?page_id=3317"},"modified":"2022-01-19T11:10:09","modified_gmt":"2022-01-19T10:10:09","slug":"slovakia-to-croatia-train","status":"publish","type":"page","link":"https:\/\/www.traincroatia.com\/en\/slovakia-to-croatia-train\/","title":{"rendered":"Slovakia to Croatia Train"},"content":{"rendered":"\r\n<p>Train from Slovakia to Croatia is one way of travelling between these two countries. However, this might not be the fastest and most popular way of travelling, it is an option. There are some popular train routes connecting Slovakian and Croatian cities, especially during the summer season. These routes are <strong>not direct <\/strong>but require one or more train changes along the way. The route is operated by <strong>Railways of the Slovak Republic<\/strong> (\u017delezni\u010dn\u00e1 spolo\u010dnos\u0165 Slovensko &#8211; ZSSK) and <strong>Croatian Railways<\/strong> (HZPP) and several routes might be operated by <strong>RegioJet<\/strong>.<\/p>\r\n\r\n\r\n\r\n<p>However, the most popular route from Slovakia to Croatia is <strong>Bratislava &#8211; Zagreb<\/strong>. Once in Zagreb, it is possible to travel to further Croatian cities, so you can check the detailed guide for this route below.<\/p>\r\n\r\n\r\n\r\n<h2 id=\"bra-zag\">Bratislava &#8211; Zagreb<\/h2>\r\n\r\n\r\n\r\n<p>Train from Bratislava to Zagreb might not be the only train route between Slovakia and Croatia, but it is definitely <strong>the most popular one<\/strong>. There are <strong>no direct trains<\/strong> on this route, all require <strong>one or more train changes<\/strong>.<\/p>\r\n\r\n\r\n\r\n<p>There are <strong>up to 6 daily departures<\/strong>, but usually one of them is the fastest train route that requires only <strong>one train change in Vienna<\/strong>. Other departures require <strong>up to 4 train changes<\/strong>. The waiting time for a train change in Vienna is usually only several minutes which makes the overall journey last for about 8 hours.<\/p>\r\n\r\n\r\n\r\n<p>In case of other departures, the waiting time between the trains lasts from several minutes to several hours, so make sure to check this for your exact departure. Accordingly, the journey can last up to around 14 hours.<\/p>\r\n\r\n\r\n\r\n<p>The route is mostly served by these several types of trains, depending on the departure:<\/p>\r\n\r\n\r\n\r\n<ul>\r\n<li aria-level=\"1\">EuroCity (EC) trains<\/li>\r\n<li aria-level=\"1\">InterCity (IC) trains<\/li>\r\n<li aria-level=\"1\">Regional-Express trains<\/li>\r\n<\/ul>\r\n\r\n\r\n\r\n<p>The <strong>price<\/strong> of a regular one-way ticket <strong>varies from departure to departure<\/strong>.<\/p>\r\n\r\n\r\n\r\n<p>However, <strong>much cheaper and a slightly faster<\/strong> option is taking a <a href=\"https:\/\/getbybus.com\/en\/bus-bratislava-to-zagreb\" target=\"_blank\" rel=\"noreferrer noopener\">bus from Bratislava to Zagreb<\/a> as an alternative type of ground transportation. There are up to 2 daily departures, including a night bus. <strong>Tickets start from \u20ac19<\/strong> and the journey takes approximately 7 hours.<\/p>\r\n\r\n\r\n\r\n<h2>Map of Slovakia Railway<\/h2>\r\n\r\n\r\n\r\n<figure class=\"wp-block-image alignnone lightbox\"><img decoding=\"async\" loading=\"lazy\" class=\"alignnone wp-image-3319\" src=\"http:\/\/www.traincroatia.com\/en\/wp-content\/uploads\/2021\/02\/Slovakia-railway.jpg\" alt=\"Map of Slovakia Railway\" width=\"643\" height=\"504\" srcset=\"https:\/\/www.traincroatia.com\/en\/wp-content\/uploads\/2021\/02\/Slovakia-railway.jpg 643w, https:\/\/www.traincroatia.com\/en\/wp-content\/uploads\/2021\/02\/Slovakia-railway-300x235.jpg 300w\" sizes=\"(max-width: 643px) 100vw, 643px\" \/>\r\n<figcaption>Source: <a href=\"https:\/\/www.interrail.eu\">Interrail.eu<\/a><\/figcaption>\r\n<\/figure>\r\n","protected":false},"excerpt":{"rendered":"<p>Train from Slovakia to Croatia is one way of travelling between these two countries. However, this might not be the fastest and most popular way of travelling, it is an option. There are some popular train routes connecting Slovakian and Croatian cities, especially during the summer season. These routes are not direct but require one [&hellip;]<\/p>\n<p><a class=\"more-link btn btn-primary\" href=\"https:\/\/www.traincroatia.com\/en\/slovakia-to-croatia-train\/\"> Continue reading&#8230;<\/a><\/p>\n","protected":false},"author":10,"featured_media":0,"parent":0,"menu_order":0,"comment_status":"closed","ping_status":"closed","template":"","meta":[],"aioseo_notices":[],"yoast_head":"<!-- This site is optimized with the Yoast SEO plugin v19.8 - https:\/\/yoast.com\/wordpress\/plugins\/seo\/ -->\n<title>Slovakia to Croatia Train - Train Croatia<\/title>\n<meta name=\"robots\" content=\"index, follow, max-snippet:-1, max-image-preview:large, max-video-preview:-1\" \/>\n<link rel=\"canonical\" href=\"https:\/\/www.traincroatia.com\/en\/slovakia-to-croatia-train\/\" \/>\n<meta property=\"og:locale\" content=\"en_US\" \/>\n<meta property=\"og:type\" content=\"article\" \/>\n<meta property=\"og:title\" content=\"Slovakia to Croatia Train - Train Croatia\" \/>\n<meta property=\"og:description\" content=\"Train from Slovakia to Croatia is one way of travelling between these two countries. However, this might not be the fastest and most popular way of travelling, it is an option. There are some popular train routes connecting Slovakian and Croatian cities, especially during the summer season. These routes are not direct but require one [&hellip;] Continue reading...\" \/>\n<meta property=\"og:url\" content=\"https:\/\/www.traincroatia.com\/en\/slovakia-to-croatia-train\/\" \/>\n<meta property=\"og:site_name\" content=\"Train Croatia\" \/>\n<meta property=\"article:modified_time\" content=\"2022-01-19T10:10:09+00:00\" \/>\n<meta property=\"og:image\" content=\"http:\/\/www.traincroatia.com\/en\/wp-content\/uploads\/2021\/02\/Slovakia-railway.jpg\" \/>\n<meta name=\"twitter:card\" content=\"summary_large_image\" \/>\n<meta name=\"twitter:label1\" content=\"Est. reading time\" \/>\n\t<meta name=\"twitter:data1\" content=\"2 minutes\" \/>\n<script type=\"application\/ld+json\" class=\"yoast-schema-graph\">{\"@context\":\"https:\/\/schema.org\",\"@graph\":[{\"@type\":\"WebPage\",\"@id\":\"https:\/\/www.traincroatia.com\/en\/slovakia-to-croatia-train\/\",\"url\":\"https:\/\/www.traincroatia.com\/en\/slovakia-to-croatia-train\/\",\"name\":\"Slovakia to Croatia Train - Train Croatia\",\"isPartOf\":{\"@id\":\"https:\/\/www.traincroatia.com\/en\/#website\"},\"datePublished\":\"2021-02-18T09:00:00+00:00\",\"dateModified\":\"2022-01-19T10:10:09+00:00\",\"breadcrumb\":{\"@id\":\"https:\/\/www.traincroatia.com\/en\/slovakia-to-croatia-train\/#breadcrumb\"},\"inLanguage\":\"en-US\",\"potentialAction\":[{\"@type\":\"ReadAction\",\"target\":[\"https:\/\/www.traincroatia.com\/en\/slovakia-to-croatia-train\/\"]}]},{\"@type\":\"BreadcrumbList\",\"@id\":\"https:\/\/www.traincroatia.com\/en\/slovakia-to-croatia-train\/#breadcrumb\",\"itemListElement\":[{\"@type\":\"ListItem\",\"position\":1,\"name\":\"Home\",\"item\":\"https:\/\/www.traincroatia.com\/en\/\"},{\"@type\":\"ListItem\",\"position\":2,\"name\":\"Slovakia to Croatia Train\"}]},{\"@type\":\"WebSite\",\"@id\":\"https:\/\/www.traincroatia.com\/en\/#website\",\"url\":\"https:\/\/www.traincroatia.com\/en\/\",\"name\":\"Train Croatia\",\"description\":\"Info and timetables - all locomotives and trains in Croatia\",\"potentialAction\":[{\"@type\":\"SearchAction\",\"target\":{\"@type\":\"EntryPoint\",\"urlTemplate\":\"https:\/\/www.traincroatia.com\/en\/?s={search_term_string}\"},\"query-input\":\"required name=search_term_string\"}],\"inLanguage\":\"en-US\"}]}<\/script>\n<!-- \/ Yoast SEO plugin. -->","yoast_head_json":{"title":"Slovakia to Croatia Train - Train Croatia","robots":{"index":"index","follow":"follow","max-snippet":"max-snippet:-1","max-image-preview":"max-image-preview:large","max-video-preview":"max-video-preview:-1"},"canonical":"https:\/\/www.traincroatia.com\/en\/slovakia-to-croatia-train\/","og_locale":"en_US","og_type":"article","og_title":"Slovakia to Croatia Train - Train Croatia","og_description":"Train from Slovakia to Croatia is one way of travelling between these two countries. However, this might not be the fastest and most popular way of travelling, it is an option. There are some popular train routes connecting Slovakian and Croatian cities, especially during the summer season. These routes are not direct but require one [&hellip;] Continue reading...","og_url":"https:\/\/www.traincroatia.com\/en\/slovakia-to-croatia-train\/","og_site_name":"Train Croatia","article_modified_time":"2022-01-19T10:10:09+00:00","og_image":[{"url":"http:\/\/www.traincroatia.com\/en\/wp-content\/uploads\/2021\/02\/Slovakia-railway.jpg"}],"twitter_card":"summary_large_image","twitter_misc":{"Est. reading time":"2 minutes"},"schema":{"@context":"https:\/\/schema.org","@graph":[{"@type":"WebPage","@id":"https:\/\/www.traincroatia.com\/en\/slovakia-to-croatia-train\/","url":"https:\/\/www.traincroatia.com\/en\/slovakia-to-croatia-train\/","name":"Slovakia to Croatia Train - Train Croatia","isPartOf":{"@id":"https:\/\/www.traincroatia.com\/en\/#website"},"datePublished":"2021-02-18T09:00:00+00:00","dateModified":"2022-01-19T10:10:09+00:00","breadcrumb":{"@id":"https:\/\/www.traincroatia.com\/en\/slovakia-to-croatia-train\/#breadcrumb"},"inLanguage":"en-US","potentialAction":[{"@type":"ReadAction","target":["https:\/\/www.traincroatia.com\/en\/slovakia-to-croatia-train\/"]}]},{"@type":"BreadcrumbList","@id":"https:\/\/www.traincroatia.com\/en\/slovakia-to-croatia-train\/#breadcrumb","itemListElement":[{"@type":"ListItem","position":1,"name":"Home","item":"https:\/\/www.traincroatia.com\/en\/"},{"@type":"ListItem","position":2,"name":"Slovakia to Croatia Train"}]},{"@type":"WebSite","@id":"https:\/\/www.traincroatia.com\/en\/#website","url":"https:\/\/www.traincroatia.com\/en\/","name":"Train Croatia","description":"Info and timetables - all locomotives and trains in Croatia","potentialAction":[{"@type":"SearchAction","target":{"@type":"EntryPoint","urlTemplate":"https:\/\/www.traincroatia.com\/en\/?s={search_term_string}"},"query-input":"required name=search_term_string"}],"inLanguage":"en-US"}]}},"_links":{"self":[{"href":"https:\/\/www.traincroatia.com\/en\/wp-json\/wp\/v2\/pages\/3317"}],"collection":[{"href":"https:\/\/www.traincroatia.com\/en\/wp-json\/wp\/v2\/pages"}],"about":[{"href":"https:\/\/www.traincroatia.com\/en\/wp-json\/wp\/v2\/types\/page"}],"author":[{"embeddable":true,"href":"https:\/\/www.traincroatia.com\/en\/wp-json\/wp\/v2\/users\/10"}],"replies":[{"embeddable":true,"href":"https:\/\/www.traincroatia.com\/en\/wp-json\/wp\/v2\/comments?post=3317"}],"version-history":[{"count":5,"href":"https:\/\/www.traincroatia.com\/en\/wp-json\/wp\/v2\/pages\/3317\/revisions"}],"predecessor-version":[{"id":3661,"href":"https:\/\/www.traincroatia.com\/en\/wp-json\/wp\/v2\/pages\/3317\/revisions\/3661"}],"wp:attachment":[{"href":"https:\/\/www.traincroatia.com\/en\/wp-json\/wp\/v2\/media?parent=3317"}],"curies":[{"name":"wp","href":"https:\/\/api.w.org\/{rel}","templated":true}]}}